{"id":2684,"date":"2014-11-15T21:34:34","date_gmt":"2014-11-15T19:34:34","guid":{"rendered":"http:\/\/www.iesneiravilas.es\/arquivo\/?page_id=2684"},"modified":"2015-02-23T10:52:35","modified_gmt":"2015-02-23T08:52:35","slug":"principal","status":"publish","type":"page","link":"https:\/\/www.iesneiravilas.es\/arquivo\/","title":{"rendered":"principal"},"content":{"rendered":"<h3>Benvid@ ao Arquivo<\/h3>\n<p>Nestas p\u00e1xinas podes atopar informaci\u00f3n do sucedido no IESP Neira Vilas dende a s\u00faa inauguraci\u00f3n no curso 1989-1990 ata o curso pasado.<\/p>\n<p>Se o que buscas \u00e9 informaci\u00f3n do curso actual, a atopar\u00e1s na p\u00e1xina principal: <a href=\"http:\/\/iesneiravilas.es\">http:\/\/iesneiravilas.es<\/a>.<\/p>\n<p>\u00c1 informaci\u00f3n do arquivo p\u00f3dese acceder usando a relaci\u00f3n de datas que aparece na columna da esquerda,\u00a0 mediante o men\u00fa de categor\u00edas da parte superior ou facendo uso da lista de categor\u00edas e etiquetas da columna da dereita.<\/p>\n<h3>Petici\u00f3n de axuda<\/h3>\n<p>Dirixida a todas as persoas\u00a0 que nalg\u00fan momento formaron parte da comunidade educativa\u00a0 do IESP\u00a0Neira Vilas.<\/p>\n<p>Se tes algunha informaci\u00f3n da historia do centro que non estea no arquivo, e pensas que debera estar, agradeceri\u00e1mosche que no la achegaras deixando un comentario, na parte inferior desta p\u00e1xina, ou a trav\u00e9s do correo electr\u00f3nico: arquivo@iesneiravilas.es.<\/p>\n<p>Moitas Gracias!<\/p>\n","protected":false},"excerpt":{"rendered":"<p>Benvid@ ao Arquivo Nestas p\u00e1xinas podes atopar informaci\u00f3n do sucedido no IESP Neira Vilas dende a s\u00faa inauguraci\u00f3n no curso 1989-1990 ata o curso pasado. Se o que buscas \u00e9 informaci\u00f3n do curso actual, a atopar\u00e1s na p\u00e1xina principal: http:\/\/iesneiravilas.es. \u00c1 informaci\u00f3n do arquivo p\u00f3dese acceder usando a relaci\u00f3n de datas que aparece na columna &hellip; <a href=\"https:\/\/www.iesneiravilas.es\/arquivo\/\" class=\"more-link\">Seguir lendo <span class=\"screen-reader-text\">principal<\/span> <span class=\"meta-nav\">&rarr;<\/span><\/a><\/p>\n","protected":false},"author":1,"featured_media":0,"parent":0,"menu_order":0,"comment_status":"open","ping_status":"open","template":"","meta":{"footnotes":""},"class_list":["post-2684","page","type-page","status-publish","hentry"],"_links":{"self":[{"href":"https:\/\/www.iesneiravilas.es\/arquivo\/index.php?rest_route=\/wp\/v2\/pages\/2684","targetHints":{"allow":["GET"]}}],"collection":[{"href":"https:\/\/www.iesneiravilas.es\/arquivo\/index.php?rest_route=\/wp\/v2\/pages"}],"about":[{"href":"https:\/\/www.iesneiravilas.es\/arquivo\/index.php?rest_route=\/wp\/v2\/types\/page"}],"author":[{"embeddable":true,"href":"https:\/\/www.iesneiravilas.es\/arquivo\/index.php?rest_route=\/wp\/v2\/users\/1"}],"replies":[{"embeddable":true,"href":"https:\/\/www.iesneiravilas.es\/arquivo\/index.php?rest_route=%2Fwp%2Fv2%2Fcomments&post=2684"}],"version-history":[{"count":8,"href":"https:\/\/www.iesneiravilas.es\/arquivo\/index.php?rest_route=\/wp\/v2\/pages\/2684\/revisions"}],"predecessor-version":[{"id":2722,"href":"https:\/\/www.iesneiravilas.es\/arquivo\/index.php?rest_route=\/wp\/v2\/pages\/2684\/revisions\/2722"}],"wp:attachment":[{"href":"https:\/\/www.iesneiravilas.es\/arquivo\/index.php?rest_route=%2Fwp%2Fv2%2Fmedia&parent=2684"}],"curies":[{"name":"wp","href":"https:\/\/api.w.org\/{rel}","templated":true}]}}